{"id":2,"date":"2016-01-18T21:25:22","date_gmt":"2016-01-18T21:25:22","guid":{"rendered":"https:\/\/www.nun-studio.com\/?page_id=2"},"modified":"2019-01-27T16:19:41","modified_gmt":"2019-01-27T15:19:41","slug":"about","status":"publish","type":"page","link":"https:\/\/www.nun-studio.com\/en\/about\/","title":{"rendered":"About us"},"content":{"rendered":"<p><strong><img data-recalc-dims=\"1\" loading=\"lazy\" decoding=\"async\" data-attachment-id=\"145\" data-permalink=\"https:\/\/www.nun-studio.com\/en\/about\/attachment\/p1100022-copie-3\/\" data-orig-file=\"https:\/\/i0.wp.com\/www.nun-studio.com\/wp-content\/uploads\/2016\/02\/P1100022-copie-3.jpg?fit=1000%2C750&amp;ssl=1\" data-orig-size=\"1000,750\" data-comments-opened=\"1\" data-image-meta=\"{&quot;aperture&quot;:&quot;2.8&quot;,&quot;credit&quot;:&quot;&quot;,&quot;camera&quot;:&quot;DMC-FZ38&quot;,&quot;caption&quot;:&quot;&quot;,&quot;created_timestamp&quot;:&quot;1423584768&quot;,&quot;copyright&quot;:&quot;&quot;,&quot;focal_length&quot;:&quot;4.8&quot;,&quot;iso&quot;:&quot;200&quot;,&quot;shutter_speed&quot;:&quot;0.033333333333333&quot;,&quot;title&quot;:&quot;&quot;,&quot;orientation&quot;:&quot;1&quot;}\" data-image-title=\"P1100022 &amp;#8211; copie 3\" data-image-description=\"\" data-image-caption=\"\" data-large-file=\"https:\/\/i0.wp.com\/www.nun-studio.com\/wp-content\/uploads\/2016\/02\/P1100022-copie-3.jpg?fit=660%2C495&amp;ssl=1\" class=\"alignnone wp-image-145\" src=\"https:\/\/i0.wp.com\/www.nun-studio.com\/wp-content\/uploads\/2016\/02\/P1100022-copie-3-300x225.jpg?resize=579%2C434\" alt=\"P1100022 - copie 3\" width=\"579\" height=\"434\" srcset=\"https:\/\/i0.wp.com\/www.nun-studio.com\/wp-content\/uploads\/2016\/02\/P1100022-copie-3.jpg?resize=300%2C225&amp;ssl=1 300w, https:\/\/i0.wp.com\/www.nun-studio.com\/wp-content\/uploads\/2016\/02\/P1100022-copie-3.jpg?resize=660%2C495&amp;ssl=1 660w, https:\/\/i0.wp.com\/www.nun-studio.com\/wp-content\/uploads\/2016\/02\/P1100022-copie-3.jpg?w=1000&amp;ssl=1 1000w\" sizes=\"auto, (max-width: 579px) 100vw, 579px\" \/><\/strong><\/p>\n<p style=\"text-align: justify;\"><strong>NUN <em>(nom f\u00e9minin)<\/em><\/strong> &#8211; en anglais, <strong>nonne<\/strong>. <em>Personne ayant consacr\u00e9 sa vie \u00e0 Dieu pour vivre cach\u00e9e en Lui.<\/em><\/p>\n<p style=\"text-align: justify;\"><strong>STUDIO <em>(nom)<\/em><\/strong>\u00a0&#8211; en anglais, <strong>atelier<\/strong>. <em>Espace d\u00e9di\u00e9 \u00e0 la cr\u00e9ation artistique ou artisanale.<\/em><\/p>\n<hr \/>\n<p style=\"text-align: justify;\"><span class=\"dropcap\">W<\/span>hen you are called to contemplate God, every beauties attract your heart : the universe beauty, the human work beauty. There is the passion we live.<\/p>\n<p style=\"text-align: justify;\"><em>NUN studio is a french brand, created by the Contemplative Sisters of Saint John.<\/em><\/p>\n<hr \/>\n<p style=\"text-align: justify;\"><strong>2008<\/strong>\u00a0&#8211;\u00a0<em>naissance de\u00a0<\/em><strong>C&#8217;est dimanche<\/strong><em>, association loi 1901, cr\u00e9\u00e9e par les\u00a0<strong>Soeurs de Saint Jean<\/strong> et<strong>\u00a0<\/strong>consacr\u00e9e \u00e0 la cr\u00e9ation de\u00a0patrons de couture pour enfant.<\/em><\/p>\n<p style=\"text-align: justify;\"><strong>2009<\/strong> &#8211; <em>ouverture de la boutique en ligne et du blog d\u00e9di\u00e9s \u00e0 la mise en valeur et la distribution des patrons. Petit \u00e0 petit, la gamme s&#8217;\u00e9largit aux adolescents et aux femmes.<\/em><\/p>\n<p style=\"text-align: justify;\"><strong>2014<\/strong> &#8211; <em>premi\u00e8re poup\u00e9e, Ang\u00e8le Dimanche, \u00e0 r\u00e9aliser soi-m\u00eame, ainsi que sa garde-robe.<\/em><\/p>\n<p style=\"text-align: justify;\"><strong>2015<\/strong> : <em>cr\u00e9ation de la marque <\/em><strong>NUN studio<\/strong><em> au b\u00e9n\u00e9fice de\u00a0l&#8217;association <\/em><strong>C&#8217;est dimanche<\/strong><em>.<\/em><\/p>\n<p style=\"text-align: justify;\"><strong>2016<\/strong> &#8211; <em>lancement de <\/em><strong>NUN studio. <\/strong><em>Publication du livre <\/em><strong>Poup\u00e9e \u00e0 coudre<\/strong><em> aux \u00e9ditions Marabout, mettant en sc\u00e8ne la poup\u00e9e Brune.<\/em><\/p>\n<p>\u00a0<\/p>","protected":false},"excerpt":{"rendered":"<p>NUN (nom f\u00e9minin) &#8211; en anglais, nonne. Personne ayant consacr\u00e9 sa vie \u00e0 Dieu pour vivre cach\u00e9e en Lui. STUDIO (nom)\u00a0&#8211; en anglais, atelier. Espace d\u00e9di\u00e9 \u00e0 la cr\u00e9ation artistique&hellip; <a class=\"excerpt-more-link\" href=\"https:\/\/www.nun-studio.com\/en\/about\/\">Read More<\/a><\/p>\n","protected":false},"author":1,"featured_media":0,"parent":0,"menu_order":0,"comment_status":"open","ping_status":"open","template":"page-templates\/no-sidebar.php","meta":{"jetpack_post_was_ever_published":false,"footnotes":""},"class_list":["post-2","page","type-page","status-publish","hentry"],"jetpack_sharing_enabled":true,"jetpack_shortlink":"https:\/\/wp.me\/P7cW4q-2","jetpack-related-posts":[{"id":448,"url":"https:\/\/www.nun-studio.com\/en\/retractation_2014-2\/","url_meta":{"origin":2,"position":0},"title":"Votre droit de r\u00e9tractation","author":"Alma","date":"Friday February 26th, 2016","format":false,"excerpt":"D\u00e9lai de r\u00e9tractation \u00ab Art. L. 121-21. \u2013 Le consommateur dispose d'un d\u00e9lai de quatorze jours pour exercer son droit de r\u00e9tractation d'un contrat conclu \u00e0 distance, \u00e0 la suite d'un d\u00e9marchage t\u00e9l\u00e9phonique ou hors \u00e9tablissement, sans avoir \u00e0 motiver sa d\u00e9cision, ni \u00e0 supporter d'autres co\u00fbts que ceux pr\u00e9vus\u2026","rel":"","context":"Similar post","block_context":{"text":"Similar post","link":""},"img":{"alt_text":"","src":"","width":0,"height":0},"classes":[]},{"id":2293,"url":"https:\/\/www.nun-studio.com\/en\/retractation_2014\/","url_meta":{"origin":2,"position":1},"title":"Votre droit de r\u00e9tractation","author":"Alma","date":"Monday November 28th, 2016","format":false,"excerpt":"D\u00e9lai de r\u00e9tractation \u00ab Art. L. 121-21. \u2013 Le consommateur dispose d'un d\u00e9lai de quatorze jours pour exercer son droit de r\u00e9tractation d'un contrat conclu \u00e0 distance, \u00e0 la suite d'un d\u00e9marchage t\u00e9l\u00e9phonique ou hors \u00e9tablissement, sans avoir \u00e0 motiver sa d\u00e9cision, ni \u00e0 supporter d'autres co\u00fbts que ceux pr\u00e9vus\u2026","rel":"","context":"Similar post","block_context":{"text":"Similar post","link":""},"img":{"alt_text":"","src":"","width":0,"height":0},"classes":[]},{"id":33,"url":"https:\/\/www.nun-studio.com\/en\/cgv\/","url_meta":{"origin":2,"position":2},"title":"4 &#8211; Terms &#038; conditions","author":"Alma","date":"Friday February  5th, 2016","format":false,"excerpt":"\u00a0 MENTIONS LEGALES NUN studio est une marque d\u00e9pos\u00e9e de \"C'est dimanche\", association r\u00e9gie par la loi du 1er juillet 1901, d\u00e9clar\u00e9e en Pr\u00e9fecture de l'Indre le 20 juin 2010 sous le num\u00e9ro W362003285, publi\u00e9e au journal Officiel le samedi 3juillet 2010, \u00a7679. SIEGE SOCIAL :\u00a0C'est dimanche\u00a0 -\u00a0Notre Dame de\u2026","rel":"","context":"Similar post","block_context":{"text":"Similar post","link":""},"img":{"alt_text":"","src":"","width":0,"height":0},"classes":[]}],"_links":{"self":[{"href":"https:\/\/www.nun-studio.com\/en\/wp-json\/wp\/v2\/pages\/2","targetHints":{"allow":["GET"]}}],"collection":[{"href":"https:\/\/www.nun-studio.com\/en\/wp-json\/wp\/v2\/pages"}],"about":[{"href":"https:\/\/www.nun-studio.com\/en\/wp-json\/wp\/v2\/types\/page"}],"author":[{"embeddable":true,"href":"https:\/\/www.nun-studio.com\/en\/wp-json\/wp\/v2\/users\/1"}],"replies":[{"embeddable":true,"href":"https:\/\/www.nun-studio.com\/en\/wp-json\/wp\/v2\/comments?post=2"}],"version-history":[{"count":20,"href":"https:\/\/www.nun-studio.com\/en\/wp-json\/wp\/v2\/pages\/2\/revisions"}],"predecessor-version":[{"id":5010,"href":"https:\/\/www.nun-studio.com\/en\/wp-json\/wp\/v2\/pages\/2\/revisions\/5010"}],"wp:attachment":[{"href":"https:\/\/www.nun-studio.com\/en\/wp-json\/wp\/v2\/media?parent=2"}],"curies":[{"name":"wp","href":"https:\/\/api.w.org\/{rel}","templated":true}]}}