{"id":192,"date":"2016-02-20T14:32:14","date_gmt":"2016-02-20T14:32:14","guid":{"rendered":"https:\/\/www.nun-studio.com\/?page_id=192"},"modified":"2016-02-24T17:53:06","modified_gmt":"2016-02-24T17:53:06","slug":"frais-de-port","status":"publish","type":"page","link":"https:\/\/www.nun-studio.com\/en\/frais-de-port\/","title":{"rendered":"3 &#8211; Shipping cost"},"content":{"rendered":"<p><a href=\"https:\/\/www.nun-studio.com\/wp-content\/uploads\/2016\/02\/FDP-BOUTIQUE-EN-LIGNE.pdf\" target=\"_blank\"><img data-recalc-dims=\"1\" loading=\"lazy\" decoding=\"async\" data-attachment-id=\"336\" data-permalink=\"https:\/\/www.nun-studio.com\/en\/frais-de-port\/attachment\/fdp-affiche-png2\/\" data-orig-file=\"https:\/\/i0.wp.com\/www.nun-studio.com\/wp-content\/uploads\/2016\/02\/fdp-affiche.png2_.png?fit=1000%2C669&amp;ssl=1\" data-orig-size=\"1000,669\" data-comments-opened=\"1\" data-image-meta=\"{&quot;aperture&quot;:&quot;0&quot;,&quot;credit&quot;:&quot;&quot;,&quot;camera&quot;:&quot;&quot;,&quot;caption&quot;:&quot;&quot;,&quot;created_timestamp&quot;:&quot;0&quot;,&quot;copyright&quot;:&quot;&quot;,&quot;focal_length&quot;:&quot;0&quot;,&quot;iso&quot;:&quot;0&quot;,&quot;shutter_speed&quot;:&quot;0&quot;,&quot;title&quot;:&quot;&quot;,&quot;orientation&quot;:&quot;0&quot;}\" data-image-title=\"fdp-affiche.png2\" data-image-description=\"\" data-image-caption=\"\" data-large-file=\"https:\/\/i0.wp.com\/www.nun-studio.com\/wp-content\/uploads\/2016\/02\/fdp-affiche.png2_.png?fit=660%2C442&amp;ssl=1\" class=\"wp-image-336 alignnone\" src=\"https:\/\/i0.wp.com\/www.nun-studio.com\/wp-content\/uploads\/2016\/02\/fdp-affiche.png2_.png?resize=660%2C442\" alt=\"fdp-affiche.png2\" width=\"660\" height=\"442\" srcset=\"https:\/\/i0.wp.com\/www.nun-studio.com\/wp-content\/uploads\/2016\/02\/fdp-affiche.png2_.png?w=1000&amp;ssl=1 1000w, https:\/\/i0.wp.com\/www.nun-studio.com\/wp-content\/uploads\/2016\/02\/fdp-affiche.png2_.png?resize=300%2C201&amp;ssl=1 300w, https:\/\/i0.wp.com\/www.nun-studio.com\/wp-content\/uploads\/2016\/02\/fdp-affiche.png2_.png?resize=660%2C442&amp;ssl=1 660w\" sizes=\"auto, (max-width: 660px) 100vw, 660px\" \/><\/a><\/p>\n","protected":false},"excerpt":{"rendered":"","protected":false},"author":1,"featured_media":0,"parent":0,"menu_order":0,"comment_status":"closed","ping_status":"closed","template":"page-templates\/no-sidebar.php","meta":{"jetpack_post_was_ever_published":false,"footnotes":""},"class_list":["post-192","page","type-page","status-publish","hentry"],"jetpack_sharing_enabled":true,"jetpack_shortlink":"https:\/\/wp.me\/P7cW4q-36","jetpack-related-posts":[{"id":33,"url":"https:\/\/www.nun-studio.com\/en\/cgv\/","url_meta":{"origin":192,"position":0},"title":"4 &#8211; Terms &#038; conditions","author":"Alma","date":"Friday February  5th, 2016","format":false,"excerpt":"\u00a0 MENTIONS LEGALES NUN studio est une marque d\u00e9pos\u00e9e de \"C'est dimanche\", association r\u00e9gie par la loi du 1er juillet 1901, d\u00e9clar\u00e9e en Pr\u00e9fecture de l'Indre le 20 juin 2010 sous le num\u00e9ro W362003285, publi\u00e9e au journal Officiel le samedi 3juillet 2010, \u00a7679. SIEGE SOCIAL :\u00a0C'est dimanche\u00a0 -\u00a0Notre Dame de\u2026","rel":"","context":"Similar post","block_context":{"text":"Similar post","link":""},"img":{"alt_text":"","src":"","width":0,"height":0},"classes":[]},{"id":237,"url":"https:\/\/www.nun-studio.com\/en\/lettre-dinformation\/","url_meta":{"origin":192,"position":1},"title":"Lettre d&#8217;information","author":"Alma","date":"Sunday February 21st, 2016","format":false,"excerpt":"","rel":"","context":"Similar post","block_context":{"text":"Similar post","link":""},"img":{"alt_text":"","src":"","width":0,"height":0},"classes":[]},{"id":448,"url":"https:\/\/www.nun-studio.com\/en\/retractation_2014-2\/","url_meta":{"origin":192,"position":2},"title":"Votre droit de r\u00e9tractation","author":"Alma","date":"Friday February 26th, 2016","format":false,"excerpt":"D\u00e9lai de r\u00e9tractation \u00ab Art. L. 121-21. \u2013 Le consommateur dispose d'un d\u00e9lai de quatorze jours pour exercer son droit de r\u00e9tractation d'un contrat conclu \u00e0 distance, \u00e0 la suite d'un d\u00e9marchage t\u00e9l\u00e9phonique ou hors \u00e9tablissement, sans avoir \u00e0 motiver sa d\u00e9cision, ni \u00e0 supporter d'autres co\u00fbts que ceux pr\u00e9vus\u2026","rel":"","context":"Similar post","block_context":{"text":"Similar post","link":""},"img":{"alt_text":"","src":"","width":0,"height":0},"classes":[]},{"id":2293,"url":"https:\/\/www.nun-studio.com\/en\/retractation_2014\/","url_meta":{"origin":192,"position":3},"title":"Votre droit de r\u00e9tractation","author":"Alma","date":"Monday November 28th, 2016","format":false,"excerpt":"D\u00e9lai de r\u00e9tractation \u00ab Art. L. 121-21. \u2013 Le consommateur dispose d'un d\u00e9lai de quatorze jours pour exercer son droit de r\u00e9tractation d'un contrat conclu \u00e0 distance, \u00e0 la suite d'un d\u00e9marchage t\u00e9l\u00e9phonique ou hors \u00e9tablissement, sans avoir \u00e0 motiver sa d\u00e9cision, ni \u00e0 supporter d'autres co\u00fbts que ceux pr\u00e9vus\u2026","rel":"","context":"Similar post","block_context":{"text":"Similar post","link":""},"img":{"alt_text":"","src":"","width":0,"height":0},"classes":[]},{"id":2049,"url":"https:\/\/www.nun-studio.com\/en\/about\/lookbook-noel-poupees\/","url_meta":{"origin":192,"position":4},"title":"(Fran\u00e7ais) lookbook NOEL &#8211; vente en ligne","author":"Alma","date":"Tuesday September 27th, 2016","format":false,"excerpt":"Sorry, this entry is only available in Fran\u00e7ais.","rel":"","context":"Similar post","block_context":{"text":"Similar post","link":""},"img":{"alt_text":"","src":"","width":0,"height":0},"classes":[]},{"id":5,"url":"https:\/\/www.nun-studio.com\/en\/","url_meta":{"origin":192,"position":5},"title":"Shop","author":"Alma","date":"Friday February  5th, 2016","format":false,"excerpt":"","rel":"","context":"Similar post","block_context":{"text":"Similar post","link":""},"img":{"alt_text":"","src":"","width":0,"height":0},"classes":[]}],"_links":{"self":[{"href":"https:\/\/www.nun-studio.com\/en\/wp-json\/wp\/v2\/pages\/192","targetHints":{"allow":["GET"]}}],"collection":[{"href":"https:\/\/www.nun-studio.com\/en\/wp-json\/wp\/v2\/pages"}],"about":[{"href":"https:\/\/www.nun-studio.com\/en\/wp-json\/wp\/v2\/types\/page"}],"author":[{"embeddable":true,"href":"https:\/\/www.nun-studio.com\/en\/wp-json\/wp\/v2\/users\/1"}],"replies":[{"embeddable":true,"href":"https:\/\/www.nun-studio.com\/en\/wp-json\/wp\/v2\/comments?post=192"}],"version-history":[{"count":13,"href":"https:\/\/www.nun-studio.com\/en\/wp-json\/wp\/v2\/pages\/192\/revisions"}],"predecessor-version":[{"id":359,"href":"https:\/\/www.nun-studio.com\/en\/wp-json\/wp\/v2\/pages\/192\/revisions\/359"}],"wp:attachment":[{"href":"https:\/\/www.nun-studio.com\/en\/wp-json\/wp\/v2\/media?parent=192"}],"curies":[{"name":"wp","href":"https:\/\/api.w.org\/{rel}","templated":true}]}}